{"id":2469,"date":"2016-03-05T11:12:20","date_gmt":"2016-03-05T10:12:20","guid":{"rendered":"https:\/\/2016.nuremberg.wordcamp.org\/?page_id=2469"},"modified":"2016-04-14T12:31:33","modified_gmt":"2016-04-14T10:31:33","slug":"community-party","status":"publish","type":"page","link":"https:\/\/nuremberg.wordcamp.org\/2016\/info\/community-party\/","title":{"rendered":"Community Party"},"content":{"rendered":"<p style=\"text-align: left\">Na, klar: Party muss sein! Wir treffen uns am <strong>Samstagabend<\/strong> ab <strong>19:30 Uhr<\/strong> im<\/p>\n<h2 style=\"text-align: center\"><a href=\"http:\/\/z-bau.com\" target=\"_blank\"><img loading=\"lazy\" decoding=\"async\" class=\"aligncenter size-full wp-image-2476\" src=\"https:\/\/2016.nuremberg.wordcamp.org\/files\/2016\/03\/zbau_logoplus.jpg\" alt=\"zbau_logoplus\" width=\"3368\" height=\"609\" srcset=\"https:\/\/nuremberg.wordcamp.org\/2016\/files\/2016\/03\/zbau_logoplus.jpg 3368w, https:\/\/nuremberg.wordcamp.org\/2016\/files\/2016\/03\/zbau_logoplus-300x54.jpg 300w, https:\/\/nuremberg.wordcamp.org\/2016\/files\/2016\/03\/zbau_logoplus-768x139.jpg 768w, https:\/\/nuremberg.wordcamp.org\/2016\/files\/2016\/03\/zbau_logoplus-1024x185.jpg 1024w, https:\/\/nuremberg.wordcamp.org\/2016\/files\/2016\/03\/zbau_logoplus-500x90.jpg 500w, https:\/\/nuremberg.wordcamp.org\/2016\/files\/2016\/03\/zbau_logoplus-624x113.jpg 624w\" sizes=\"auto, (max-width: 3368px) 100vw, 3368px\" \/><\/a>Gro\u00dfer Saal \u2022\u00a0Frankenstra\u00dfe 200 \u2022\u00a090461 N\u00fcrnberg<\/h2>\n<p><img loading=\"lazy\" decoding=\"async\" class=\"aligncenter size-full wp-image-2474\" src=\"https:\/\/2016.nuremberg.wordcamp.org\/files\/2016\/03\/zbau-haupteingang-e1457172148540.jpg\" alt=\"zbau-haupteingang\" width=\"1197\" height=\"1111\" srcset=\"https:\/\/nuremberg.wordcamp.org\/2016\/files\/2016\/03\/zbau-haupteingang-e1457172148540.jpg 1197w, https:\/\/nuremberg.wordcamp.org\/2016\/files\/2016\/03\/zbau-haupteingang-e1457172148540-300x278.jpg 300w, https:\/\/nuremberg.wordcamp.org\/2016\/files\/2016\/03\/zbau-haupteingang-e1457172148540-768x713.jpg 768w, https:\/\/nuremberg.wordcamp.org\/2016\/files\/2016\/03\/zbau-haupteingang-e1457172148540-1024x950.jpg 1024w, https:\/\/nuremberg.wordcamp.org\/2016\/files\/2016\/03\/zbau-haupteingang-e1457172148540-323x300.jpg 323w, https:\/\/nuremberg.wordcamp.org\/2016\/files\/2016\/03\/zbau-haupteingang-e1457172148540-624x579.jpg 624w\" sizes=\"auto, (max-width: 1197px) 100vw, 1197px\" \/><\/p>\n<p>Am einfachsten erreicht man den <a href=\"http:\/\/z-bau.com\">Z-Bau<\/a> mit der U-Bahn Linie 1 (Fahrtrichtung Langwasser). Vom Hauptbahnhof aus sind es 4 Minuten bis zur Station Frankenstrasse und ein Fu\u00dfweg von ca. 500 m. Wer sich den Fu\u00dfweg sparen will, nimmt die Buslinie 65 ab der U-Bahn Frankenstrasse in Richtung R\u00f6thenbach\/M\u00f6geldorfer Hauptstrasse bis zur Haltestelle Tiroler Strasse. F\u00fcr PKW sind gen\u00fcgend Parkpl\u00e4tze am Haus vorhanden.<\/p>\n<p><img loading=\"lazy\" decoding=\"async\" class=\"aligncenter size-full wp-image-2470\" src=\"https:\/\/2016.nuremberg.wordcamp.org\/files\/2016\/03\/zbau.jpg\" alt=\"zbau\" width=\"982\" height=\"699\" srcset=\"https:\/\/nuremberg.wordcamp.org\/2016\/files\/2016\/03\/zbau.jpg 982w, https:\/\/nuremberg.wordcamp.org\/2016\/files\/2016\/03\/zbau-300x214.jpg 300w, https:\/\/nuremberg.wordcamp.org\/2016\/files\/2016\/03\/zbau-768x547.jpg 768w, https:\/\/nuremberg.wordcamp.org\/2016\/files\/2016\/03\/zbau-421x300.jpg 421w, https:\/\/nuremberg.wordcamp.org\/2016\/files\/2016\/03\/zbau-624x444.jpg 624w\" sizes=\"auto, (max-width: 982px) 100vw, 982px\" \/><\/p>\n<p><strong>Die Community Party ist im Ticketpreis des WordCamps inkludiert.<\/strong> Eintritt, Essen und Trinken sind frei. Bitte habt deswegen Verst\u00e4ndnis, dass wir eine Einlasskontrolle durchf\u00fchren werden\u00a0und ihr Eure Eintrittsbadges am Abend dabei haben m\u00fcsst. Dem einen oder anderen soll der Badge\u00a0auch schon gegen ein schlechtes Namensged\u00e4chtnis geholfen haben ;-).<\/p>\n<p>Wir verstehen die\u00a0Community Party zwischen den beiden Konferenztagen als\u00a0unverzichtbaren Bestandteil jedes WordCamps. Alles was vor lauter Input in den Vortr\u00e4gen an socializing auf den Fluren zu kurz gekommen ist, l\u00e4sst sich sp\u00e4testens hier nachholen.\u00a0Uns ist es daher ein echtes Bed\u00fcrfnis f\u00fcr &#8211; w\u00f6rtlich &#8211; \u00bbUnterhaltung\u00ab zu sorgen. Ein bisschen Musik und Aktion wird&#8217;s trotzdem geben &#8211; lasst Euch \u00fcberraschen.<\/p>\n<p>&nbsp;<\/p>\n<p><img loading=\"lazy\" decoding=\"async\" class=\"aligncenter size-full wp-image-2471\" src=\"https:\/\/2016.nuremberg.wordcamp.org\/files\/2016\/03\/Scan.jpeg\" alt=\"Scan\" width=\"1628\" height=\"247\" srcset=\"https:\/\/nuremberg.wordcamp.org\/2016\/files\/2016\/03\/Scan.jpeg 1628w, https:\/\/nuremberg.wordcamp.org\/2016\/files\/2016\/03\/Scan-300x46.jpeg 300w, https:\/\/nuremberg.wordcamp.org\/2016\/files\/2016\/03\/Scan-768x117.jpeg 768w, https:\/\/nuremberg.wordcamp.org\/2016\/files\/2016\/03\/Scan-1024x155.jpeg 1024w, https:\/\/nuremberg.wordcamp.org\/2016\/files\/2016\/03\/Scan-500x76.jpeg 500w, https:\/\/nuremberg.wordcamp.org\/2016\/files\/2016\/03\/Scan-624x95.jpeg 624w\" sizes=\"auto, (max-width: 1628px) 100vw, 1628px\" \/>Wir freuen uns sehr mit dem <a href=\"http:\/\/www.das-anderland.de\">Anderland<\/a> einen wirklich au\u00dfergew\u00f6hnlichen Caterer f\u00fcr den Abend gewonnen zu haben. Die Pizzas sind wirklich abgefahren. Auf den ersten Blick wilde Mischungen mit noch wilderen Namen wie \u00bbFalscher Fuchs\u00ab, \u00bbThirsty Gibbon\u00ab oder \u00bbScharfer Hund\u00ab. Wir versprechen Zungen-Fasching!<\/p>\n<p>Im Sinne eines halbwegs geregelten Alkoholkonsums werden an dem Abend <strong>keine<\/strong> Shots ausgeschenkt. Neben den \u00fcblichen Softdrinks und der unvermeidlichen Club-Mate* gibt es an alkoholischem ausschliesslich Wein* und Bier*.<\/p>\n<p><em>*die Originale aus Franken selbstverst\u00e4ndlich!<\/em><\/p>\n","protected":false},"excerpt":{"rendered":"<p>Na, klar: Party muss sein! Wir treffen uns am Samstagabend ab 19:30 Uhr im Gro\u00dfer Saal \u2022\u00a0Frankenstra\u00dfe 200 \u2022\u00a090461 N\u00fcrnberg Am einfachsten erreicht man den Z-Bau mit der U-Bahn Linie 1 (Fahrtrichtung Langwasser). Vom Hauptbahnhof aus sind es 4 Minuten bis zur Station Frankenstrasse und ein Fu\u00dfweg von ca. 500 m. Wer sich den Fu\u00dfweg [&hellip;]<\/p>\n","protected":false},"author":8858106,"featured_media":0,"parent":576,"menu_order":0,"comment_status":"closed","ping_status":"closed","template":"","meta":{"_crdt_document":"","jetpack_post_was_ever_published":false,"footnotes":""},"class_list":["post-2469","page","type-page","status-publish","hentry"],"jetpack_sharing_enabled":true,"jetpack_shortlink":"https:\/\/wp.me\/P6uG2s-DP","jetpack_likes_enabled":true,"_links":{"self":[{"href":"https:\/\/nuremberg.wordcamp.org\/2016\/wp-json\/wp\/v2\/pages\/2469","targetHints":{"allow":["GET"]}}],"collection":[{"href":"https:\/\/nuremberg.wordcamp.org\/2016\/wp-json\/wp\/v2\/pages"}],"about":[{"href":"https:\/\/nuremberg.wordcamp.org\/2016\/wp-json\/wp\/v2\/types\/page"}],"author":[{"embeddable":true,"href":"https:\/\/nuremberg.wordcamp.org\/2016\/wp-json\/wp\/v2\/users\/8858106"}],"replies":[{"embeddable":true,"href":"https:\/\/nuremberg.wordcamp.org\/2016\/wp-json\/wp\/v2\/comments?post=2469"}],"version-history":[{"count":6,"href":"https:\/\/nuremberg.wordcamp.org\/2016\/wp-json\/wp\/v2\/pages\/2469\/revisions"}],"predecessor-version":[{"id":3147,"href":"https:\/\/nuremberg.wordcamp.org\/2016\/wp-json\/wp\/v2\/pages\/2469\/revisions\/3147"}],"up":[{"embeddable":true,"href":"https:\/\/nuremberg.wordcamp.org\/2016\/wp-json\/wp\/v2\/pages\/576"}],"wp:attachment":[{"href":"https:\/\/nuremberg.wordcamp.org\/2016\/wp-json\/wp\/v2\/media?parent=2469"}],"curies":[{"name":"wp","href":"https:\/\/api.w.org\/{rel}","templated":true}]}}