{"id":13,"date":"2015-07-20T12:01:48","date_gmt":"2015-07-20T10:01:48","guid":{"rendered":"https:\/\/nuremburg.wordcamp.org\/2015\/?page_id=13"},"modified":"2016-04-19T20:07:43","modified_gmt":"2016-04-19T18:07:43","slug":"ticketverkauf","status":"publish","type":"page","link":"https:\/\/nuremberg.wordcamp.org\/2016\/ticketverkauf\/","title":{"rendered":"Ticketverkauf"},"content":{"rendered":"<h3 style=\"text-align: center\">Ticketverkauf verpennt?<br \/>\nKein Problem wir haben noch LastMinute-Tickets!<\/h3>\n<p>Der LastMinute Ticketverkauf <strong>startet am 11.4. um 12:00 Uhr mittags<\/strong> und endet\u00a0am Freitag 15.4. um 12:00 Uhr.\u00a0Die wesentlichsten Einschr\u00e4nkungen des Last-Minute-Tickets:<\/p>\n<div class=\"\">\n<ul class=\"MailOutline\">\n<li class=\"\">Wir k\u00f6nnen Deine T-Shirt Gr\u00f6\u00dfe nicht garantieren. Wir werden vorrangig die rechtzeitig reservierten Shirts ausgeben. Aus dem, was am Sonntag ab 14:00 Uhr an Shirts \u00fcbrig ist, k\u00f6nnen wir Deinen T-Shirt Wunsch befriedigen.<\/li>\n<li class=\"\">Wir k\u00f6nnen Sonderw\u00fcnsche bei der Ern\u00e4hrung nur noch eingeschr\u00e4nkt ber\u00fccksichtigen. Vegetarisch und Vegan bekommen wir hin, aber alles was dar\u00fcber hinaus geht (div. Intoleranzen und Unvertr\u00e4glichkeiten) k\u00f6nnen wir leider nicht mehr abdecken. Bitte sorge ggf. selbst f\u00fcr Deine Sonderern\u00e4hrung.<\/li>\n<li class=\"\">Eine Teilnahme an der CommunityParty am Samstag abend\u00a0und am Montag beim\u00a0Contributor Day ist nur m\u00f6glich, wenn ein Platz frei wird. Deine Meldungen dazu landen auf einer Warteliste.<\/li>\n<\/ul>\n<\/div>\n<p style=\"text-align: left\"><a href=\"https:\/\/nuremberg.wordcamp.org\/2016\/ticketverkauf\/\">Bitte rufe diese Seite in einem Browser auf, um Tickets zu kaufen oder zu verwalten.<\/a><\/p>\n<p>Die CommunityParty am Samstag und der ContributorDay am Montag sind im Ticketpreis des WordCamps inkludiert, sofern ein Platz f\u00fcr Dich frei wird. Die WarmUp Party am Freitagabend geht auf jeweils eigene Rechnung.\u00a0Hier brauchen wir nur eine Einsch\u00e4tzung der Teilnehmerzahl.<\/p>\n<p>&nbsp;<\/p>\n<p>&nbsp;<\/p>\n<p><em>F\u00fcr unsere Sponsoren und Volunteers sind bereits reservierte Tickets ausgereicht worden und k\u00f6nnen abgerufen werden.\u00a0<\/em><\/p>\n","protected":false},"excerpt":{"rendered":"<p>Ticketverkauf verpennt? Kein Problem wir haben noch LastMinute-Tickets! Der LastMinute Ticketverkauf startet am 11.4. um 12:00 Uhr mittags und endet\u00a0am Freitag 15.4. um 12:00 Uhr.\u00a0Die wesentlichsten Einschr\u00e4nkungen des Last-Minute-Tickets: Wir k\u00f6nnen Deine T-Shirt Gr\u00f6\u00dfe nicht garantieren. Wir werden vorrangig die rechtzeitig reservierten Shirts ausgeben. Aus dem, was am Sonntag ab 14:00 Uhr an Shirts \u00fcbrig [&hellip;]<\/p>\n","protected":false},"author":8858106,"featured_media":0,"parent":0,"menu_order":99,"comment_status":"closed","ping_status":"closed","template":"","meta":{"jetpack_post_was_ever_published":false,"footnotes":""},"class_list":["post-13","page","type-page","status-publish","hentry"],"jetpack_sharing_enabled":true,"jetpack_shortlink":"https:\/\/wp.me\/P6uG2s-d","jetpack_likes_enabled":true,"_links":{"self":[{"href":"https:\/\/nuremberg.wordcamp.org\/2016\/wp-json\/wp\/v2\/pages\/13","targetHints":{"allow":["GET"]}}],"collection":[{"href":"https:\/\/nuremberg.wordcamp.org\/2016\/wp-json\/wp\/v2\/pages"}],"about":[{"href":"https:\/\/nuremberg.wordcamp.org\/2016\/wp-json\/wp\/v2\/types\/page"}],"author":[{"embeddable":true,"href":"https:\/\/nuremberg.wordcamp.org\/2016\/wp-json\/wp\/v2\/users\/8858106"}],"replies":[{"embeddable":true,"href":"https:\/\/nuremberg.wordcamp.org\/2016\/wp-json\/wp\/v2\/comments?post=13"}],"version-history":[{"count":19,"href":"https:\/\/nuremberg.wordcamp.org\/2016\/wp-json\/wp\/v2\/pages\/13\/revisions"}],"predecessor-version":[{"id":3032,"href":"https:\/\/nuremberg.wordcamp.org\/2016\/wp-json\/wp\/v2\/pages\/13\/revisions\/3032"}],"wp:attachment":[{"href":"https:\/\/nuremberg.wordcamp.org\/2016\/wp-json\/wp\/v2\/media?parent=13"}],"curies":[{"name":"wp","href":"https:\/\/api.w.org\/{rel}","templated":true}]}}