{"id":12,"date":"2015-07-17T04:22:25","date_gmt":"2015-07-17T02:22:25","guid":{"rendered":"https:\/\/nuremburg.wordcamp.org\/2015\/organizers\/"},"modified":"2016-02-07T10:42:30","modified_gmt":"2016-02-07T09:42:30","slug":"orgateam","status":"publish","type":"page","link":"https:\/\/nuremberg.wordcamp.org\/2016\/info\/orgateam\/","title":{"rendered":"OrgaTeam"},"content":{"rendered":"<p>Eure Gastgeber in N\u00fcrnberg:<\/p>\n\t<div class=\"wcorg-organizers\">\n\n\t\t\n\t\t\t<div class=\"wcorg-organizer\">\n\t\t\t\t<h2>Stefan Kremer<\/h2>\n\t\t\t\t<div class=\"wcorg-organizer-description\">\n\t\t\t\t\t\t\t\t\t\t<img alt='' src='https:\/\/secure.gravatar.com\/avatar\/b637d7016c15fb187906a8bad791f77ebf740c160f1a70bf5593a59372b01c54?s=100&#038;d=mm&#038;r=g' srcset='https:\/\/secure.gravatar.com\/avatar\/b637d7016c15fb187906a8bad791f77ebf740c160f1a70bf5593a59372b01c54?s=200&#038;d=mm&#038;r=g 2x' class='avatar avatar-100 photo' height='100' width='100' \/>\t\t\t\t\t\t\t\t\t<\/div>\n\t\t\t<\/div>\n\n\t\t\n\t\t\t<div class=\"wcorg-organizer\">\n\t\t\t\t<h2>Frank Staude<\/h2>\n\t\t\t\t<div class=\"wcorg-organizer-description\">\n\t\t\t\t\t\t\t\t\t\t<img alt='' src='https:\/\/secure.gravatar.com\/avatar\/8bad497168f3b1b06b2ff87c2896277ff8e17bb37b387d9aec4c1c0a063495e6?s=100&#038;d=mm&#038;r=g' srcset='https:\/\/secure.gravatar.com\/avatar\/8bad497168f3b1b06b2ff87c2896277ff8e17bb37b387d9aec4c1c0a063495e6?s=200&#038;d=mm&#038;r=g 2x' class='avatar avatar-100 photo' height='100' width='100' \/>\t\t\t\t\t\t\t\t\t<\/div>\n\t\t\t<\/div>\n\n\t\t\n\t\t\t<div class=\"wcorg-organizer\">\n\t\t\t\t<h2>Jan Teriete<\/h2>\n\t\t\t\t<div class=\"wcorg-organizer-description\">\n\t\t\t\t\t\t\t\t\t\t<img alt='' src='https:\/\/secure.gravatar.com\/avatar\/2ab56198ebbf3163ebef8e7774420fedf0ca6c503d8e21850fcbe7c81684f765?s=100&#038;d=mm&#038;r=g' srcset='https:\/\/secure.gravatar.com\/avatar\/2ab56198ebbf3163ebef8e7774420fedf0ca6c503d8e21850fcbe7c81684f765?s=200&#038;d=mm&#038;r=g 2x' class='avatar avatar-100 photo' height='100' width='100' \/>\t\t\t\t\t\t\t\t\t<\/div>\n\t\t\t<\/div>\n\n\t\t\n\t\t\t<div class=\"wcorg-organizer\">\n\t\t\t\t<h2>Silvia Goldhammer<\/h2>\n\t\t\t\t<div class=\"wcorg-organizer-description\">\n\t\t\t\t\t\t\t\t\t\t<img alt='' src='https:\/\/secure.gravatar.com\/avatar\/928957f0cce485989a2587d5e977bee95d9bd1ea06cc28f74aca860051c4f8be?s=100&#038;d=mm&#038;r=g' srcset='https:\/\/secure.gravatar.com\/avatar\/928957f0cce485989a2587d5e977bee95d9bd1ea06cc28f74aca860051c4f8be?s=200&#038;d=mm&#038;r=g 2x' class='avatar avatar-100 photo' height='100' width='100' \/>\t\t\t\t\t\t\t\t\t<\/div>\n\t\t\t<\/div>\n\n\t\t\n\t\t\t<div class=\"wcorg-organizer\">\n\t\t\t\t<h2>Carlos Fischer Fern\u00e1ndez<\/h2>\n\t\t\t\t<div class=\"wcorg-organizer-description\">\n\t\t\t\t\t\t\t\t\t\t<img alt='' src='https:\/\/secure.gravatar.com\/avatar\/13f114807b98bb73f1c5a9d6cf691703d3078667a9f463a469446885b934dc8b?s=100&#038;d=mm&#038;r=g' srcset='https:\/\/secure.gravatar.com\/avatar\/13f114807b98bb73f1c5a9d6cf691703d3078667a9f463a469446885b934dc8b?s=200&#038;d=mm&#038;r=g 2x' class='avatar avatar-100 photo' height='100' width='100' \/>\t\t\t\t\t\t\t\t\t<\/div>\n\t\t\t<\/div>\n\n\t\t\n\t\t\t<div class=\"wcorg-organizer\">\n\t\t\t\t<h2>Sandra Leyh<\/h2>\n\t\t\t\t<div class=\"wcorg-organizer-description\">\n\t\t\t\t\t\t\t\t\t\t<img alt='' src='https:\/\/secure.gravatar.com\/avatar\/c882f5141c82a6933ced3d3f9cd460b06e5e0a10109b4bb4e729ff428d6b57d4?s=100&#038;d=mm&#038;r=g' srcset='https:\/\/secure.gravatar.com\/avatar\/c882f5141c82a6933ced3d3f9cd460b06e5e0a10109b4bb4e729ff428d6b57d4?s=200&#038;d=mm&#038;r=g 2x' class='avatar avatar-100 photo' height='100' width='100' \/>\t\t\t\t\t\t\t\t\t<\/div>\n\t\t\t<\/div>\n\n\t\t\n\t\t\t<div class=\"wcorg-organizer\">\n\t\t\t\t<h2>Ulf Schoenefeld<\/h2>\n\t\t\t\t<div class=\"wcorg-organizer-description\">\n\t\t\t\t\t\t\t\t\t\t<img alt='' src='https:\/\/secure.gravatar.com\/avatar\/c76eaea9855564c9a93166342e9a8dc8dcec5b049a14bfe80418a8f65db243f0?s=100&#038;d=mm&#038;r=g' srcset='https:\/\/secure.gravatar.com\/avatar\/c76eaea9855564c9a93166342e9a8dc8dcec5b049a14bfe80418a8f65db243f0?s=200&#038;d=mm&#038;r=g 2x' class='avatar avatar-100 photo' height='100' width='100' \/>\t\t\t\t\t\t\t\t\t<\/div>\n\t\t\t<\/div>\n\n\t\t\n\t\t\t<div class=\"wcorg-organizer\">\n\t\t\t\t<h2>Thomas Br\u00fchl<\/h2>\n\t\t\t\t<div class=\"wcorg-organizer-description\">\n\t\t\t\t\t\t\t\t\t\t<img alt='' src='https:\/\/secure.gravatar.com\/avatar\/55f2188ca0c42f9f62b562fbf9747c54f088782ce3af48cf6db567bc53428ac0?s=100&#038;d=mm&#038;r=g' srcset='https:\/\/secure.gravatar.com\/avatar\/55f2188ca0c42f9f62b562fbf9747c54f088782ce3af48cf6db567bc53428ac0?s=200&#038;d=mm&#038;r=g 2x' class='avatar avatar-100 photo' height='100' width='100' \/>\t\t\t\t\t\t\t\t\t<\/div>\n\t\t\t<\/div>\n\n\t\t\n\t<\/div><!-- .wcorg-organizers -->\n\t\n<hr \/>\n<p>&nbsp;<\/p>\n<h3>Wir freuen uns \u00fcber die tatkr\u00e4ftige Hilfe unserer Volunteers:<\/h3>\n\t\t<div id=\"tix-attendees\">\n\t\t\t<ul class=\"tix-attendee-list tix-columns-3\">\n\t\t\t\t<li><img alt='' src='https:\/\/secure.gravatar.com\/avatar\/8ceeed0510edf66c2e68e602647ed7c4e4ff4cd0fbddd674cf50b42dd0ba0084?s=96&#038;d=mm&#038;r=g' srcset='https:\/\/secure.gravatar.com\/avatar\/8ceeed0510edf66c2e68e602647ed7c4e4ff4cd0fbddd674cf50b42dd0ba0084?s=192&#038;d=mm&#038;r=g 2x' class='avatar avatar-96 photo' height='96' width='96' loading='lazy' decoding='async'\/>\n\t\t\t\t\t\t<div class=\"tix-field tix-attendee-name\">\n\t\t\t\t\t\t\t<span class=\"tix-first\">adielle fernanda<\/span> <span class=\"tix-last\">djampa<\/span>\t\t\t\t\t\t<\/div>\n\n\t\t\t\t\t\t\n\t\t\t\t\t\t<a class=\"tix-field tix-attendee-twitter\" href=\"http:\/\/twitter.com\/tresorMe_\">@tresorMe_<\/a><a class=\"tix-field tix-attendee-url tix-webseite\" href=\"http:\/\/tornade586.wordpress.com\">tornade586.wordpress.com<\/a><\/li><li><img alt='' src='https:\/\/secure.gravatar.com\/avatar\/04238e4b51ddc043c203fb7e9a24ec3444f6157a7037e11d97943f9b212eced3?s=96&#038;d=mm&#038;r=g' srcset='https:\/\/secure.gravatar.com\/avatar\/04238e4b51ddc043c203fb7e9a24ec3444f6157a7037e11d97943f9b212eced3?s=192&#038;d=mm&#038;r=g 2x' class='avatar avatar-96 photo' height='96' width='96' loading='lazy' decoding='async'\/>\n\t\t\t\t\t\t<div class=\"tix-field tix-attendee-name\">\n\t\t\t\t\t\t\t<span class=\"tix-first\">Barbara<\/span> <span class=\"tix-last\">Letalik<\/span>\t\t\t\t\t\t<\/div>\n\n\t\t\t\t\t\t\n\t\t\t\t\t\t<a class=\"tix-field tix-attendee-url tix-webseite\" href=\"http:\/\/www.ideenpresse.de\/\">ideenpresse.de<\/a><\/li><li><img alt='' src='https:\/\/secure.gravatar.com\/avatar\/9199983e366d3261c4e854b24e0e36bd40ea7275b719b9376a88ea8fd1dc3811?s=96&#038;d=mm&#038;r=g' srcset='https:\/\/secure.gravatar.com\/avatar\/9199983e366d3261c4e854b24e0e36bd40ea7275b719b9376a88ea8fd1dc3811?s=192&#038;d=mm&#038;r=g 2x' class='avatar avatar-96 photo' height='96' width='96' loading='lazy' decoding='async'\/>\n\t\t\t\t\t\t<div class=\"tix-field tix-attendee-name\">\n\t\t\t\t\t\t\t<span class=\"tix-first\">Birgit<\/span> <span class=\"tix-last\">Olzem<\/span>\t\t\t\t\t\t<\/div>\n\n\t\t\t\t\t\t\n\t\t\t\t\t\t<a class=\"tix-field tix-attendee-twitter\" href=\"http:\/\/twitter.com\/CoachBirgit\">@CoachBirgit<\/a><a class=\"tix-field tix-attendee-url tix-webseite\" href=\"http:\/\/coachbirgit.de\">coachbirgit.de<\/a><\/li><li><img alt='' src='https:\/\/secure.gravatar.com\/avatar\/7dd1e6740ecccd2d809c179ce41e0959ffae055f5fab5840ceff90d3f8df8d73?s=96&#038;d=mm&#038;r=g' srcset='https:\/\/secure.gravatar.com\/avatar\/7dd1e6740ecccd2d809c179ce41e0959ffae055f5fab5840ceff90d3f8df8d73?s=192&#038;d=mm&#038;r=g 2x' class='avatar avatar-96 photo' height='96' width='96' loading='lazy' decoding='async'\/>\n\t\t\t\t\t\t<div class=\"tix-field tix-attendee-name\">\n\t\t\t\t\t\t\t<span class=\"tix-first\">Carsten<\/span> <span class=\"tix-last\">Keller<\/span>\t\t\t\t\t\t<\/div>\n\n\t\t\t\t\t\t\n\t\t\t\t\t\t<a class=\"tix-field tix-attendee-twitter\" href=\"http:\/\/twitter.com\/meine_NFL\">@meine_NFL<\/a><a class=\"tix-field tix-attendee-url tix-webseite\" href=\"http:\/\/www.meine-nfl.de\">meine-nfl.de<\/a><\/li><li><img alt='' src='https:\/\/secure.gravatar.com\/avatar\/99b8137ee91949abf8a7efba89966f1d99cdf3d3bc3d447f77baf8c41cde2ab2?s=96&#038;d=mm&#038;r=g' srcset='https:\/\/secure.gravatar.com\/avatar\/99b8137ee91949abf8a7efba89966f1d99cdf3d3bc3d447f77baf8c41cde2ab2?s=192&#038;d=mm&#038;r=g 2x' class='avatar avatar-96 photo' height='96' width='96' loading='lazy' decoding='async'\/>\n\t\t\t\t\t\t<div class=\"tix-field tix-attendee-name\">\n\t\t\t\t\t\t\t<span class=\"tix-first\">Christina<\/span> <span class=\"tix-last\">Fuchs<\/span>\t\t\t\t\t\t<\/div>\n\n\t\t\t\t\t\t\n\t\t\t\t\t\t<a class=\"tix-field tix-attendee-twitter\" href=\"http:\/\/twitter.com\/vanvox_de\">@vanvox_de<\/a><a class=\"tix-field tix-attendee-url tix-webseite\" href=\"http:\/\/vanvox.de\">vanvox.de<\/a><\/li><li><img alt='' src='https:\/\/secure.gravatar.com\/avatar\/4f553834bb988648be90e5053cd37c22586f5a7c8c779dc25eb5306069b6500c?s=96&#038;d=mm&#038;r=g' srcset='https:\/\/secure.gravatar.com\/avatar\/4f553834bb988648be90e5053cd37c22586f5a7c8c779dc25eb5306069b6500c?s=192&#038;d=mm&#038;r=g 2x' class='avatar avatar-96 photo' height='96' width='96' loading='lazy' decoding='async'\/>\n\t\t\t\t\t\t<div class=\"tix-field tix-attendee-name\">\n\t\t\t\t\t\t\t<span class=\"tix-first\">Christopher<\/span> <span class=\"tix-last\">Kick<\/span>\t\t\t\t\t\t<\/div>\n\n\t\t\t\t\t\t\n\t\t\t\t\t\t<a class=\"tix-field tix-attendee-url tix-webseite\" href=\"http:\/\/webgeschaeft.de\">webgeschaeft.de<\/a><\/li><li><img alt='' src='https:\/\/secure.gravatar.com\/avatar\/f70c22508cf4eeb7e10fab928f6cd139c37a1886054b8e0c04bd85b8f9445010?s=96&#038;d=mm&#038;r=g' srcset='https:\/\/secure.gravatar.com\/avatar\/f70c22508cf4eeb7e10fab928f6cd139c37a1886054b8e0c04bd85b8f9445010?s=192&#038;d=mm&#038;r=g 2x' class='avatar avatar-96 photo' height='96' width='96' loading='lazy' decoding='async'\/>\n\t\t\t\t\t\t<div class=\"tix-field tix-attendee-name\">\n\t\t\t\t\t\t\t<span class=\"tix-first\">Claus G.<\/span> <span class=\"tix-last\">Riedel<\/span>\t\t\t\t\t\t<\/div>\n\n\t\t\t\t\t\t\n\t\t\t\t\t\t<a class=\"tix-field tix-attendee-twitter\" href=\"http:\/\/twitter.com\/clausgriedel\">@clausgriedel<\/a><a class=\"tix-field tix-attendee-url tix-webseite\" href=\"http:\/\/r-iq.de\">r-iq.de<\/a><\/li><li><img alt='' src='https:\/\/secure.gravatar.com\/avatar\/088d965653837c3d016863e7a958569a9d20fa39cc068591b52bd949f5ea685e?s=96&#038;d=mm&#038;r=g' srcset='https:\/\/secure.gravatar.com\/avatar\/088d965653837c3d016863e7a958569a9d20fa39cc068591b52bd949f5ea685e?s=192&#038;d=mm&#038;r=g 2x' class='avatar avatar-96 photo' height='96' width='96' loading='lazy' decoding='async'\/>\n\t\t\t\t\t\t<div class=\"tix-field tix-attendee-name\">\n\t\t\t\t\t\t\t<span class=\"tix-first\">David<\/span> <span class=\"tix-last\">Jardin<\/span>\t\t\t\t\t\t<\/div>\n\n\t\t\t\t\t\t\n\t\t\t\t\t\t<a class=\"tix-field tix-attendee-twitter\" href=\"http:\/\/twitter.com\/SniperSister\">@SniperSister<\/a><a class=\"tix-field tix-attendee-url tix-webseite\" href=\"http:\/\/Joomla.org\">Joomla.org<\/a><\/li><li><img alt='' src='https:\/\/secure.gravatar.com\/avatar\/0d125c7a9f8fbf164ff7e1f987ef965c3168b994ffba36a684b23bb66e2386ca?s=96&#038;d=mm&#038;r=g' srcset='https:\/\/secure.gravatar.com\/avatar\/0d125c7a9f8fbf164ff7e1f987ef965c3168b994ffba36a684b23bb66e2386ca?s=192&#038;d=mm&#038;r=g 2x' class='avatar avatar-96 photo' height='96' width='96' loading='lazy' decoding='async'\/>\n\t\t\t\t\t\t<div class=\"tix-field tix-attendee-name\">\n\t\t\t\t\t\t\t<span class=\"tix-first\">Dieter<\/span> <span class=\"tix-last\">Kneffel<\/span>\t\t\t\t\t\t<\/div>\n\n\t\t\t\t\t\t\n\t\t\t\t\t\t<a class=\"tix-field tix-attendee-twitter\" href=\"http:\/\/twitter.com\/creativtransfer\">@creativtransfer<\/a><a class=\"tix-field tix-attendee-url tix-webseite\" href=\"http:\/\/creativtransfer.com\">creativtransfer.com<\/a><\/li><li><img alt='' src='https:\/\/secure.gravatar.com\/avatar\/5181462f7ecfda77c0dcb028f3399f352090586e5d182d29efa66848addf59b4?s=96&#038;d=mm&#038;r=g' srcset='https:\/\/secure.gravatar.com\/avatar\/5181462f7ecfda77c0dcb028f3399f352090586e5d182d29efa66848addf59b4?s=192&#038;d=mm&#038;r=g 2x' class='avatar avatar-96 photo' height='96' width='96' loading='lazy' decoding='async'\/>\n\t\t\t\t\t\t<div class=\"tix-field tix-attendee-name\">\n\t\t\t\t\t\t\t<span class=\"tix-first\">Elisabeth<\/span> <span class=\"tix-last\">H\u00f6lzl<\/span>\t\t\t\t\t\t<\/div>\n\n\t\t\t\t\t\t\n\t\t\t\t\t\t<a class=\"tix-field tix-attendee-twitter\" href=\"http:\/\/twitter.com\/taxifisch\">@taxifisch<\/a><\/li><li><img alt='' src='https:\/\/secure.gravatar.com\/avatar\/d72cc544fe92494995d50aace44d176aa6609a8527f0f7b530defc83a2337d17?s=96&#038;d=mm&#038;r=g' srcset='https:\/\/secure.gravatar.com\/avatar\/d72cc544fe92494995d50aace44d176aa6609a8527f0f7b530defc83a2337d17?s=192&#038;d=mm&#038;r=g 2x' class='avatar avatar-96 photo' height='96' width='96' loading='lazy' decoding='async'\/>\n\t\t\t\t\t\t<div class=\"tix-field tix-attendee-name\">\n\t\t\t\t\t\t\t<span class=\"tix-first\">Florian<\/span> <span class=\"tix-last\">Schneider<\/span>\t\t\t\t\t\t<\/div>\n\n\t\t\t\t\t\t\n\t\t\t\t\t\t<\/li><li><img alt='' src='https:\/\/secure.gravatar.com\/avatar\/595152db4580a7e5b5bb76aa2578f80d75e262a09fe01e0292ba0ac378fa2258?s=96&#038;d=mm&#038;r=g' srcset='https:\/\/secure.gravatar.com\/avatar\/595152db4580a7e5b5bb76aa2578f80d75e262a09fe01e0292ba0ac378fa2258?s=192&#038;d=mm&#038;r=g 2x' class='avatar avatar-96 photo' height='96' width='96' loading='lazy' decoding='async'\/>\n\t\t\t\t\t\t<div class=\"tix-field tix-attendee-name\">\n\t\t\t\t\t\t\t<span class=\"tix-first\">Frank<\/span> <span class=\"tix-last\">Schmittlein<\/span>\t\t\t\t\t\t<\/div>\n\n\t\t\t\t\t\t\n\t\t\t\t\t\t<a class=\"tix-field tix-attendee-twitter\" href=\"http:\/\/twitter.com\/schmittlein77\">@schmittlein77<\/a><a class=\"tix-field tix-attendee-url tix-webseite\" href=\"http:\/\/frank-schmittlein.de\/\">frank-schmittlein.de<\/a><\/li><li><img alt='' src='https:\/\/secure.gravatar.com\/avatar\/cf18376181166efe8554d1a081315f41e3a31bf86051c7338e5966847ab81d0c?s=96&#038;d=mm&#038;r=g' srcset='https:\/\/secure.gravatar.com\/avatar\/cf18376181166efe8554d1a081315f41e3a31bf86051c7338e5966847ab81d0c?s=192&#038;d=mm&#038;r=g 2x' class='avatar avatar-96 photo' height='96' width='96' loading='lazy' decoding='async'\/>\n\t\t\t\t\t\t<div class=\"tix-field tix-attendee-name\">\n\t\t\t\t\t\t\t<span class=\"tix-first\">Heiko<\/span> <span class=\"tix-last\">Mamerow<\/span>\t\t\t\t\t\t<\/div>\n\n\t\t\t\t\t\t\n\t\t\t\t\t\t<a class=\"tix-field tix-attendee-twitter\" href=\"http:\/\/twitter.com\/HeikoMamerow\">@HeikoMamerow<\/a><a class=\"tix-field tix-attendee-url tix-webseite\" href=\"https:\/\/heikomamerow.de\">heikomamerow.de<\/a><\/li><li><img alt='' src='https:\/\/secure.gravatar.com\/avatar\/18115f9324f8a290c6f99a6d3f7dd8746a3f1a00ae3ba3bb338cdcaf857d9419?s=96&#038;d=mm&#038;r=g' srcset='https:\/\/secure.gravatar.com\/avatar\/18115f9324f8a290c6f99a6d3f7dd8746a3f1a00ae3ba3bb338cdcaf857d9419?s=192&#038;d=mm&#038;r=g 2x' class='avatar avatar-96 photo' height='96' width='96' loading='lazy' decoding='async'\/>\n\t\t\t\t\t\t<div class=\"tix-field tix-attendee-name\">\n\t\t\t\t\t\t\t<span class=\"tix-first\">Jan<\/span> <span class=\"tix-last\">Kremer<\/span>\t\t\t\t\t\t<\/div>\n\n\t\t\t\t\t\t\n\t\t\t\t\t\t<\/li><li><img alt='' src='https:\/\/secure.gravatar.com\/avatar\/3aa2561fddcd9c813ccc428f659ce9bf8bc68ad52d9dffbc87bf00da1bc102e2?s=96&#038;d=mm&#038;r=g' srcset='https:\/\/secure.gravatar.com\/avatar\/3aa2561fddcd9c813ccc428f659ce9bf8bc68ad52d9dffbc87bf00da1bc102e2?s=192&#038;d=mm&#038;r=g 2x' class='avatar avatar-96 photo' height='96' width='96' loading='lazy' decoding='async'\/>\n\t\t\t\t\t\t<div class=\"tix-field tix-attendee-name\">\n\t\t\t\t\t\t\t<span class=\"tix-first\">Kirsten<\/span> <span class=\"tix-last\">Schelper<\/span>\t\t\t\t\t\t<\/div>\n\n\t\t\t\t\t\t\n\t\t\t\t\t\t<a class=\"tix-field tix-attendee-twitter\" href=\"http:\/\/twitter.com\/kirstenschelper\">@kirstenschelper<\/a><a class=\"tix-field tix-attendee-url tix-webseite\" href=\"http:\/\/die-netzialisten.de\">die-netzialisten.de<\/a><\/li><li><img alt='' src='https:\/\/secure.gravatar.com\/avatar\/90b2325e7afb5dd10d6718b98a7de83fea69c94f520fe596f13abf51cd1e3f0b?s=96&#038;d=mm&#038;r=g' srcset='https:\/\/secure.gravatar.com\/avatar\/90b2325e7afb5dd10d6718b98a7de83fea69c94f520fe596f13abf51cd1e3f0b?s=192&#038;d=mm&#038;r=g 2x' class='avatar avatar-96 photo' height='96' width='96' loading='lazy' decoding='async'\/>\n\t\t\t\t\t\t<div class=\"tix-field tix-attendee-name\">\n\t\t\t\t\t\t\t<span class=\"tix-first\">Lea<\/span> <span class=\"tix-last\">Kremer<\/span>\t\t\t\t\t\t<\/div>\n\n\t\t\t\t\t\t\n\t\t\t\t\t\t<\/li><li><img alt='' src='https:\/\/secure.gravatar.com\/avatar\/c2cc26e5b91d9c79df1784c200fe79fb9565aeb14f4d4b709419184e00d58299?s=96&#038;d=mm&#038;r=g' srcset='https:\/\/secure.gravatar.com\/avatar\/c2cc26e5b91d9c79df1784c200fe79fb9565aeb14f4d4b709419184e00d58299?s=192&#038;d=mm&#038;r=g 2x' class='avatar avatar-96 photo' height='96' width='96' loading='lazy' decoding='async'\/>\n\t\t\t\t\t\t<div class=\"tix-field tix-attendee-name\">\n\t\t\t\t\t\t\t<span class=\"tix-first\">Marcus<\/span> <span class=\"tix-last\">Alleze<\/span>\t\t\t\t\t\t<\/div>\n\n\t\t\t\t\t\t\n\t\t\t\t\t\t<\/li><li><img alt='' src='https:\/\/secure.gravatar.com\/avatar\/77a8d2fb7e6f32e0758831824aedf8fdb247aca21ed61087bbc9f52691b1333f?s=96&#038;d=mm&#038;r=g' srcset='https:\/\/secure.gravatar.com\/avatar\/77a8d2fb7e6f32e0758831824aedf8fdb247aca21ed61087bbc9f52691b1333f?s=192&#038;d=mm&#038;r=g 2x' class='avatar avatar-96 photo' height='96' width='96' loading='lazy' decoding='async'\/>\n\t\t\t\t\t\t<div class=\"tix-field tix-attendee-name\">\n\t\t\t\t\t\t\t<span class=\"tix-first\">Nils<\/span> <span class=\"tix-last\">Lappenbusch<\/span>\t\t\t\t\t\t<\/div>\n\n\t\t\t\t\t\t\n\t\t\t\t\t\t<a class=\"tix-field tix-attendee-twitter\" href=\"http:\/\/twitter.com\/nlappenbusch\">@nlappenbusch<\/a><a class=\"tix-field tix-attendee-url tix-webseite\" href=\"http:\/\/webdesign-wolfsburg.com\">webdesign-wolfsburg.com<\/a><\/li><li><img alt='' src='https:\/\/secure.gravatar.com\/avatar\/e286b52ca6080c7457f0e382fa70e3f4e8780c2df5891b4c3161eeba14c08117?s=96&#038;d=mm&#038;r=g' srcset='https:\/\/secure.gravatar.com\/avatar\/e286b52ca6080c7457f0e382fa70e3f4e8780c2df5891b4c3161eeba14c08117?s=192&#038;d=mm&#038;r=g 2x' class='avatar avatar-96 photo' height='96' width='96' loading='lazy' decoding='async'\/>\n\t\t\t\t\t\t<div class=\"tix-field tix-attendee-name\">\n\t\t\t\t\t\t\t<span class=\"tix-first\">Peter<\/span> <span class=\"tix-last\">Nemcok<\/span>\t\t\t\t\t\t<\/div>\n\n\t\t\t\t\t\t\n\t\t\t\t\t\t<a class=\"tix-field tix-attendee-twitter\" href=\"http:\/\/twitter.com\/PeterNemcok\">@PeterNemcok<\/a><a class=\"tix-field tix-attendee-url tix-webseite\" href=\"http:\/\/peternemcok.com\">peternemcok.com<\/a><\/li><li><img alt='' src='https:\/\/secure.gravatar.com\/avatar\/f6762cdfffc01b7b93234d2ea9e5e2585898ad41d97a0f01a6930bf6ac7dd536?s=96&#038;d=mm&#038;r=g' srcset='https:\/\/secure.gravatar.com\/avatar\/f6762cdfffc01b7b93234d2ea9e5e2585898ad41d97a0f01a6930bf6ac7dd536?s=192&#038;d=mm&#038;r=g 2x' class='avatar avatar-96 photo' height='96' width='96' loading='lazy' decoding='async'\/>\n\t\t\t\t\t\t<div class=\"tix-field tix-attendee-name\">\n\t\t\t\t\t\t\t<span class=\"tix-first\">Phillip<\/span> <span class=\"tix-last\">Roth<\/span>\t\t\t\t\t\t<\/div>\n\n\t\t\t\t\t\t\n\t\t\t\t\t\t<a class=\"tix-field tix-attendee-twitter\" href=\"http:\/\/twitter.com\/prwebcare\">@prwebcare<\/a><a class=\"tix-field tix-attendee-url tix-webseite\" href=\"https:\/\/www.philliproth.de\">philliproth.de<\/a><\/li><li><img alt='' src='https:\/\/secure.gravatar.com\/avatar\/98282457237f8ca72fc341e308208ac5bff72be56c4cec26c666a27e3903673e?s=96&#038;d=mm&#038;r=g' srcset='https:\/\/secure.gravatar.com\/avatar\/98282457237f8ca72fc341e308208ac5bff72be56c4cec26c666a27e3903673e?s=192&#038;d=mm&#038;r=g 2x' class='avatar avatar-96 photo' height='96' width='96' loading='lazy' decoding='async'\/>\n\t\t\t\t\t\t<div class=\"tix-field tix-attendee-name\">\n\t\t\t\t\t\t\t<span class=\"tix-first\">Silvio<\/span> <span class=\"tix-last\">Endruhn<\/span>\t\t\t\t\t\t<\/div>\n\n\t\t\t\t\t\t\n\t\t\t\t\t\t<a class=\"tix-field tix-attendee-twitter\" href=\"http:\/\/twitter.com\/printsachen1\">@printsachen1<\/a><a class=\"tix-field tix-attendee-url tix-webseite\" href=\"http:\/\/printsachen.de\">printsachen.de<\/a><\/li><li><img alt='' src='https:\/\/secure.gravatar.com\/avatar\/9730474be2824349acd87fbcf6fcd1b6819e4e35d2af0aa45fcf81c08ad6dbe7?s=96&#038;d=mm&#038;r=g' srcset='https:\/\/secure.gravatar.com\/avatar\/9730474be2824349acd87fbcf6fcd1b6819e4e35d2af0aa45fcf81c08ad6dbe7?s=192&#038;d=mm&#038;r=g 2x' class='avatar avatar-96 photo' height='96' width='96' loading='lazy' decoding='async'\/>\n\t\t\t\t\t\t<div class=\"tix-field tix-attendee-name\">\n\t\t\t\t\t\t\t<span class=\"tix-first\">Stefan<\/span> <span class=\"tix-last\">Wendhausen<\/span>\t\t\t\t\t\t<\/div>\n\n\t\t\t\t\t\t\n\t\t\t\t\t\t<a class=\"tix-field tix-attendee-twitter\" href=\"http:\/\/twitter.com\/inwend\">@inwend<\/a><a class=\"tix-field tix-attendee-url tix-webseite\" href=\"http:\/\/www.tec-promotion.de\">tec-promotion.de<\/a><\/li><li><img alt='' src='https:\/\/secure.gravatar.com\/avatar\/e5b39647a114acaa47d5ccb4ba30d9ccfa227a39ea31150307bddf0f06ad0920?s=96&#038;d=mm&#038;r=g' srcset='https:\/\/secure.gravatar.com\/avatar\/e5b39647a114acaa47d5ccb4ba30d9ccfa227a39ea31150307bddf0f06ad0920?s=192&#038;d=mm&#038;r=g 2x' class='avatar avatar-96 photo' height='96' width='96' loading='lazy' decoding='async'\/>\n\t\t\t\t\t\t<div class=\"tix-field tix-attendee-name\">\n\t\t\t\t\t\t\t<span class=\"tix-first\">Susanne<\/span> <span class=\"tix-last\">Falk<\/span>\t\t\t\t\t\t<\/div>\n\n\t\t\t\t\t\t\n\t\t\t\t\t\t<\/li><li><img alt='' src='https:\/\/secure.gravatar.com\/avatar\/d910fdd7595ec843abbd6e3977b31c74c60f2115eb0a4766022b7d137ec21814?s=96&#038;d=mm&#038;r=g' srcset='https:\/\/secure.gravatar.com\/avatar\/d910fdd7595ec843abbd6e3977b31c74c60f2115eb0a4766022b7d137ec21814?s=192&#038;d=mm&#038;r=g 2x' class='avatar avatar-96 photo' height='96' width='96' loading='lazy' decoding='async'\/>\n\t\t\t\t\t\t<div class=\"tix-field tix-attendee-name\">\n\t\t\t\t\t\t\t<span class=\"tix-first\">Sven<\/span> <span class=\"tix-last\">Wagener<\/span>\t\t\t\t\t\t<\/div>\n\n\t\t\t\t\t\t\n\t\t\t\t\t\t<a class=\"tix-field tix-attendee-twitter\" href=\"http:\/\/twitter.com\/svenwagener\">@svenwagener<\/a><a class=\"tix-field tix-attendee-url tix-webseite\" href=\"http:\/\/www.awesome.ug\">awesome.ug<\/a><\/li><li><img alt='' src='https:\/\/secure.gravatar.com\/avatar\/5eef607b950d10ecb0b06818aecf55578b18b0651796645a76fd6172662e95ce?s=96&#038;d=mm&#038;r=g' srcset='https:\/\/secure.gravatar.com\/avatar\/5eef607b950d10ecb0b06818aecf55578b18b0651796645a76fd6172662e95ce?s=192&#038;d=mm&#038;r=g 2x' class='avatar avatar-96 photo' height='96' width='96' loading='lazy' decoding='async'\/>\n\t\t\t\t\t\t<div class=\"tix-field tix-attendee-name\">\n\t\t\t\t\t\t\t<span class=\"tix-first\">Thomas<\/span> <span class=\"tix-last\">Shellberg<\/span>\t\t\t\t\t\t<\/div>\n\n\t\t\t\t\t\t\n\t\t\t\t\t\t<a class=\"tix-field tix-attendee-twitter\" href=\"http:\/\/twitter.com\/tommyshellberg\">@tommyshellberg<\/a><\/li>\t\t\t<\/ul>\n\t\t<\/div>\n\t\t<br class=\"tix-clear\"\/>\n\t\t\n","protected":false},"excerpt":{"rendered":"<p>Eure Gastgeber in N\u00fcrnberg: &nbsp; Wir freuen uns \u00fcber die tatkr\u00e4ftige Hilfe unserer Volunteers:<\/p>\n","protected":false},"author":8858106,"featured_media":0,"parent":576,"menu_order":10,"comment_status":"closed","ping_status":"closed","template":"","meta":{"_crdt_document":"","jetpack_post_was_ever_published":false,"footnotes":""},"class_list":["post-12","page","type-page","status-publish","hentry"],"jetpack_sharing_enabled":true,"jetpack_shortlink":"https:\/\/wp.me\/P6uG2s-c","jetpack_likes_enabled":true,"_links":{"self":[{"href":"https:\/\/nuremberg.wordcamp.org\/2016\/wp-json\/wp\/v2\/pages\/12","targetHints":{"allow":["GET"]}}],"collection":[{"href":"https:\/\/nuremberg.wordcamp.org\/2016\/wp-json\/wp\/v2\/pages"}],"about":[{"href":"https:\/\/nuremberg.wordcamp.org\/2016\/wp-json\/wp\/v2\/types\/page"}],"author":[{"embeddable":true,"href":"https:\/\/nuremberg.wordcamp.org\/2016\/wp-json\/wp\/v2\/users\/8858106"}],"replies":[{"embeddable":true,"href":"https:\/\/nuremberg.wordcamp.org\/2016\/wp-json\/wp\/v2\/comments?post=12"}],"version-history":[{"count":18,"href":"https:\/\/nuremberg.wordcamp.org\/2016\/wp-json\/wp\/v2\/pages\/12\/revisions"}],"predecessor-version":[{"id":1343,"href":"https:\/\/nuremberg.wordcamp.org\/2016\/wp-json\/wp\/v2\/pages\/12\/revisions\/1343"}],"up":[{"embeddable":true,"href":"https:\/\/nuremberg.wordcamp.org\/2016\/wp-json\/wp\/v2\/pages\/576"}],"wp:attachment":[{"href":"https:\/\/nuremberg.wordcamp.org\/2016\/wp-json\/wp\/v2\/media?parent=12"}],"curies":[{"name":"wp","href":"https:\/\/api.w.org\/{rel}","templated":true}]}}