{"id":1172,"date":"2016-01-28T19:37:23","date_gmt":"2016-01-28T18:37:23","guid":{"rendered":"https:\/\/2016.nuremberg.wordcamp.org\/?page_id=1172"},"modified":"2016-04-14T12:30:30","modified_gmt":"2016-04-14T10:30:30","slug":"wordcamp-nuernberg","status":"publish","type":"page","link":"https:\/\/nuremberg.wordcamp.org\/2016\/info\/wordcamp-nuernberg\/","title":{"rendered":"WordCamp N\u00fcrnberg"},"content":{"rendered":"<p>Alle wichtigen Informationen rund um das WordCamp N\u00fcrnberg 2016\u00a0werden auf den folgenden Seiten in den n\u00e4chsten Monaten bis zum WordCamp bereitgestellt. Bitte schau hier einfach regelm\u00e4\u00dfig vorbei.<\/p>\n<h4 id=\"timetable\">Auf einen Blick<\/h4>\n<table>\n<tbody>\n<tr>\n<td>Freitag<\/td>\n<td>15.04.2016<\/td>\n<td>ab 19:00 Uhr<\/td>\n<td><a href=\"https:\/\/2016.nuremberg.wordcamp.org\/info\/warmup-party\/\">Warm-Up<\/a><\/td>\n<\/tr>\n<tr>\n<td>Samstag<\/td>\n<td>16.04.2016<\/td>\n<td>09:00 \u2013 18:00 Uhr<\/td>\n<td><a href=\"https:\/\/2016.nuremberg.wordcamp.org\/agenda\/sessionplan\/\">WordCamp Tag 1<\/a><\/td>\n<\/tr>\n<tr>\n<td>Samstag<\/td>\n<td>16.04.2016<\/td>\n<td>ab 19:30 Uhr<\/td>\n<td><a href=\"https:\/\/2016.nuremberg.wordcamp.org\/info\/community-party\/\">Community-Party<\/a><\/td>\n<\/tr>\n<tr>\n<td>Sonntag<\/td>\n<td>17.04.2016<\/td>\n<td>09:30 \u2013 18:00 Uhr<\/td>\n<td><a href=\"https:\/\/2016.nuremberg.wordcamp.org\/agenda\/sessionplan\/\">WordCamp Tag 2<\/a><\/td>\n<\/tr>\n<tr>\n<td>Montag<\/td>\n<td>18.04.2016<\/td>\n<td>10:00 \u2013 18:00 Uhr<\/td>\n<td><a href=\"https:\/\/2016.nuremberg.wordcamp.org\/info\/contributor-day\/\">Contributor-Day<\/a><\/td>\n<\/tr>\n<\/tbody>\n<\/table>\n<h4 id=\"was-ist-ein-wordcamp\">Was ist ein WordCamp?<\/h4>\n<p>Ein WordCamp ist eine lockere Konferenz im Stile eines BarCamps zu allen erdenklichen Themen rund um\u00a0<a title=\"WordPress.org\" href=\"http:\/\/wordpress.org\/\">WordPress<\/a>. WordCamps finden\u00a0<a href=\"http:\/\/central.wordcamp.org\/schedule\/\">rund um den Globus<\/a>\u00a0statt, sind lokal organisiert und werden von der\u00a0<a href=\"http:\/\/wordpressfoundation.org\/\">WordPress Foundation<\/a> unterst\u00fctzt.<\/p>\n<h4>An wen richtet sich das WordCamp N\u00fcrnberg?<\/h4>\n<p>Unsere Zielgruppe sind WordPress-Begeisterte aus den Bereichen Entwicklung, Design, Marketing, Journalismus, Blogging und vielen weiteren Disziplinen, die im privaten oder beruflichen Kontext WordPress nutzen.<\/p>\n<p>Es geht darum WordPress besser kennen zu lernen, Wissen zu vertiefen, Teilbereiche intensiver zu betrachten, sich auszutauschen, Leute zu treffen, Spa\u00df zu haben, zu netzwerken und vieles mehr.<\/p>\n<h4 id=\"wo-und-wann\">Wo und wann findet das WordCamp N\u00fcrnberg statt?<\/h4>\n<p><a href=\"https:\/\/2016.nuremberg.wordcamp.org\/info\/location\/\">Das WordCamp N\u00fcrnberg\u00a0wird vom 16. bis 17. April\u00a02016 in der Technischen Hochschule Georg-Simon-Ohm stattfinden.<\/a><\/p>\n<p>Technische Hochschule N\u00fcrnberg\u00a0Georg-Simon-Ohm<br \/>\nBahnhofstra\u00dfe 87<br \/>\n90402 N\u00fcrnberg<\/p>\n<p><img loading=\"lazy\" decoding=\"async\" class=\"aligncenter size-full wp-image-593\" src=\"https:\/\/2016.nuremberg.wordcamp.org\/files\/2015\/07\/Lageplan.jpg\" alt=\"Lageplan\" width=\"1190\" height=\"744\" srcset=\"https:\/\/nuremberg.wordcamp.org\/2016\/files\/2015\/07\/Lageplan.jpg 1190w, https:\/\/nuremberg.wordcamp.org\/2016\/files\/2015\/07\/Lageplan-300x188.jpg 300w, https:\/\/nuremberg.wordcamp.org\/2016\/files\/2015\/07\/Lageplan-768x480.jpg 768w, https:\/\/nuremberg.wordcamp.org\/2016\/files\/2015\/07\/Lageplan-1024x640.jpg 1024w, https:\/\/nuremberg.wordcamp.org\/2016\/files\/2015\/07\/Lageplan-480x300.jpg 480w, https:\/\/nuremberg.wordcamp.org\/2016\/files\/2015\/07\/Lageplan-624x390.jpg 624w\" sizes=\"auto, (max-width: 1190px) 100vw, 1190px\" \/>Die TH N\u00fcrnberg\u00a0befindet sich am Rand der W\u00f6hrder Wiese in der N\u00fcrnberger Innenstadt und ist sehr gut zu erreichen.<\/p>\n<h5 id=\"oepnv\">\u00d6ffentliche Verkehrsmittel<\/h5>\n<ul>\n<li>Stra\u00dfenbahn: Linie 5 (Haltestelle D\u00fcrrenhof)<\/li>\n<li>Bus: Linie 36 (Haltestelle D\u00fcrrenhof)<\/li>\n<li>S-Bahn: S1\/S2 (Haltestelle D\u00fcrrenhof)<\/li>\n<\/ul>\n<p>Fahrpl\u00e4ne findest Du\u00a0unter\u00a0<a href=\"http:\/\/www.vag.de\/\" target=\"_blank\">www.vag.de<\/a><\/p>\n<h4 id=\"anmelden\">Mu\u00df ich mich anmelden?<\/h4>\n<p>F\u00fcr den Besuch des WordCamps ist ein Ticket notwendig.\u00a0Der <a href=\"https:\/\/2016.nuremberg.wordcamp.org\/ticketverkauf\/\">Ticket-Verkauf<\/a>\u00a0l\u00e4uft.<\/p>\n<h4 id=\"tickets\">Ist die Anzahl der Tickets begrenzt?<\/h4>\n<p>Ja, die Anzahl der Teilnehmer ist auf 300\u00a0Personen begrenzt.<\/p>\n<h4 id=\"paypal\">Kann ich das Ticket auch ohne PayPal-Account bezahlen?<\/h4>\n<p>Es gibt bei PayPal die M\u00f6glichkeit als Gast per Kreditkarte oder Lastschrift zu zahlen. Eine M\u00f6glichkeit komplett ohne PayPal zu bezahlen gibt es leider nicht, da die Zahlung an die WordPress Foundation mit Sitz in den USA geht.<\/p>\n<h4 id=\"drucken\">Muss ich das Ticket zum WordCamp ausgedruckt mitbringen?<\/h4>\n<p>Nein. Das ist nicht notwendig. Wir haben eine Liste aller registrierter Anmeldungen beim Check-In. Wenn du dich in der Liste der Teilnehmenden wiederfindest ist alles gebongt.<\/p>\n<h4 id=\"rechnung\">Gibt es eine offizielle Rechnung, die ich f\u00fcr die Steuer nutzen kann?<\/h4>\n<p>Nein, leider nicht. Das genutzte Plugin\u00a0<a href=\"http:\/\/wordpress.org\/plugins\/camptix\/\">CampTix<\/a>\u00a0gibt weder eine Umsatzsteuer aus, noch eine offizielle Rechnung. Wir k\u00f6nnen hierbei auch nicht helfen, denn der offizielle Veranstalter ist die\u00a0<a href=\"http:\/\/wordpressfoundation.org\/\">WordPress Foundation<\/a>\u00a0aus den USA und nicht wir. Diese ist steuerbefreit, aber nur in den USA und nicht in Deutschland. Eine Spende im deutschen Rechtssinne ist es nicht,\u00a0<a href=\"http:\/\/www.vereinsbesteuerung.info\/leitfaden_spende.htm\">da eine Gegenleistung erfolgt<\/a>. Umsatzsteuer w\u00e4re, wenn \u00fcberhaupt dann vom Leistungsempf\u00e4nger in Deutschland zu zahlen, der den gleichen Betrag wiederum als Vorsteuer\u00a0<a href=\"http:\/\/www.frag-einen-anwalt.de\/MwSt-auf-US-Rechnung---f2585.html\">geltend machen kann<\/a>. Bleibt also h\u00f6chstens die Betriebsausgabe, die in diesem Fall leider nur durch den Kontoauszug belegt werden kann. (Alle Angaben ohne Gew\u00e4hr, das ist keine Rechtsberatung \u2013 wer einen Anwalt\/Steuerberater fragt und wir falsch liegen sollten \u2013 wir freuen uns \u00fcber Infos!)<\/p>\n<h4 id=\"sprache\">In welcher Sprache findet das WordCamp N\u00fcrnberg statt?<\/h4>\n<p>Der Gro\u00dfteil der Sessions wird auf Deutsch gehalten. Wir haben uns f\u00fcr Deutsch als Hauptsprache f\u00fcr das Camp entschieden, da das WordCamp N\u00fcrnberg\u00a0ein lokales Event mit Fokus auf der deutschsprachigen Community ist. Es wird f\u00fcr unsere internationalen TeilnehmerInnen jedoch eine hoffentlich ausreichende Anzahl englischer Sessions geben.<\/p>\n","protected":false},"excerpt":{"rendered":"<p>Alle wichtigen Informationen rund um das WordCamp N\u00fcrnberg 2016\u00a0werden auf den folgenden Seiten in den n\u00e4chsten Monaten bis zum WordCamp bereitgestellt. Bitte schau hier einfach regelm\u00e4\u00dfig vorbei. Auf einen Blick Freitag 15.04.2016 ab 19:00 Uhr Warm-Up Samstag 16.04.2016 09:00 \u2013 18:00 Uhr WordCamp Tag 1 Samstag 16.04.2016 ab 19:30 Uhr Community-Party Sonntag 17.04.2016 09:30 \u2013 [&hellip;]<\/p>\n","protected":false},"author":7406396,"featured_media":0,"parent":576,"menu_order":0,"comment_status":"closed","ping_status":"closed","template":"","meta":{"_crdt_document":"","jetpack_post_was_ever_published":false,"footnotes":""},"class_list":["post-1172","page","type-page","status-publish","hentry"],"jetpack_sharing_enabled":true,"jetpack_shortlink":"https:\/\/wp.me\/P6uG2s-iU","jetpack_likes_enabled":true,"_links":{"self":[{"href":"https:\/\/nuremberg.wordcamp.org\/2016\/wp-json\/wp\/v2\/pages\/1172","targetHints":{"allow":["GET"]}}],"collection":[{"href":"https:\/\/nuremberg.wordcamp.org\/2016\/wp-json\/wp\/v2\/pages"}],"about":[{"href":"https:\/\/nuremberg.wordcamp.org\/2016\/wp-json\/wp\/v2\/types\/page"}],"author":[{"embeddable":true,"href":"https:\/\/nuremberg.wordcamp.org\/2016\/wp-json\/wp\/v2\/users\/7406396"}],"replies":[{"embeddable":true,"href":"https:\/\/nuremberg.wordcamp.org\/2016\/wp-json\/wp\/v2\/comments?post=1172"}],"version-history":[{"count":24,"href":"https:\/\/nuremberg.wordcamp.org\/2016\/wp-json\/wp\/v2\/pages\/1172\/revisions"}],"predecessor-version":[{"id":3146,"href":"https:\/\/nuremberg.wordcamp.org\/2016\/wp-json\/wp\/v2\/pages\/1172\/revisions\/3146"}],"up":[{"embeddable":true,"href":"https:\/\/nuremberg.wordcamp.org\/2016\/wp-json\/wp\/v2\/pages\/576"}],"wp:attachment":[{"href":"https:\/\/nuremberg.wordcamp.org\/2016\/wp-json\/wp\/v2\/media?parent=1172"}],"curies":[{"name":"wp","href":"https:\/\/api.w.org\/{rel}","templated":true}]}}