{"id":11,"date":"2015-07-17T04:22:25","date_gmt":"2015-07-17T02:22:25","guid":{"rendered":"https:\/\/nuremburg.wordcamp.org\/2015\/location\/"},"modified":"2016-01-19T18:04:17","modified_gmt":"2016-01-19T17:04:17","slug":"location","status":"publish","type":"page","link":"https:\/\/nuremberg.wordcamp.org\/2016\/info\/location\/","title":{"rendered":"Location"},"content":{"rendered":"<h2 style=\"text-align: center\">WordCamp N\u00fcrnberg 2016<\/h2>\n<h2 style=\"text-align: center\">Samstag 16. und Sonntag 17. April 2016<\/h2>\n<h2 style=\"text-align: center\">Technische Hochschule N\u00fcrnberg Georg-Simon-Ohm<br \/>\nBahnhofstrasse 87<\/h2>\n<p><img loading=\"lazy\" decoding=\"async\" class=\"aligncenter size-large wp-image-592\" src=\"https:\/\/2016.nuremberg.wordcamp.org\/files\/2015\/07\/Bahnhofstra\u00dfe_87_Standort_Bahnhofstra\u00dfe_BL-Geb\u00e4ude_TH_N\u00fcrnberg_01-1024x768.jpg\" alt=\"Bahnhofstra\u00dfe_87_(Standort_Bahnhofstra\u00dfe)_BL-Geb\u00e4ude_TH_N\u00fcrnberg_01\" width=\"625\" height=\"469\" srcset=\"https:\/\/nuremberg.wordcamp.org\/2016\/files\/2015\/07\/Bahnhofstra\u00dfe_87_Standort_Bahnhofstra\u00dfe_BL-Geb\u00e4ude_TH_N\u00fcrnberg_01-1024x768.jpg 1024w, https:\/\/nuremberg.wordcamp.org\/2016\/files\/2015\/07\/Bahnhofstra\u00dfe_87_Standort_Bahnhofstra\u00dfe_BL-Geb\u00e4ude_TH_N\u00fcrnberg_01-300x225.jpg 300w, https:\/\/nuremberg.wordcamp.org\/2016\/files\/2015\/07\/Bahnhofstra\u00dfe_87_Standort_Bahnhofstra\u00dfe_BL-Geb\u00e4ude_TH_N\u00fcrnberg_01-768x576.jpg 768w, https:\/\/nuremberg.wordcamp.org\/2016\/files\/2015\/07\/Bahnhofstra\u00dfe_87_Standort_Bahnhofstra\u00dfe_BL-Geb\u00e4ude_TH_N\u00fcrnberg_01-400x300.jpg 400w, https:\/\/nuremberg.wordcamp.org\/2016\/files\/2015\/07\/Bahnhofstra\u00dfe_87_Standort_Bahnhofstra\u00dfe_BL-Geb\u00e4ude_TH_N\u00fcrnberg_01-624x468.jpg 624w\" sizes=\"auto, (max-width: 625px) 100vw, 625px\" \/><\/p>\n<p>\u00bbDie Ohm\u00ab wie sie in N\u00fcrnberg kurz genannt wird, verf\u00fcgt \u00fcber mehrere Standorte rund um die W\u00f6hrder Wiese. Wir haben mit der WiSo-Fakult\u00e4t in der Bahnhofstrasse einen der verkehrsg\u00fcnstigst gelegenen gefunden.<\/p>\n<p>Vom Bahnhof aus ist es ein ca. 15-min\u00fctiger Fussweg. Wer es etwas bequemer mag, f\u00e4hrt eine Station mit der S-Bahn S1 oder S2 vom Hauptbahnhof in 6 Minuten zur Haltestelle D\u00fcrrenhof.<\/p>\n<p>Die Parkplatzsituation vor Ort ist nicht ganz ideal. Wer in den umliegenden Strassen keinen freien Platz mehr findet, dem seinen die Parkgaragen am <a href=\"http:\/\/www.dbbahnpark.info\/content\/fahrplanauskunft\/bahnpark\/pdf\/8000284.pdf\">Hauptbahnhof<\/a> oder im <a href=\"http:\/\/www.parkhaus-nuernberg.de\/parkhaeuser\/stadtgebiet\/adcom-center.html\">Adcom-Center<\/a>\u00a0empfohlen.<\/p>\n<p><a href=\"https:\/\/2016.nuremberg.wordcamp.org\/files\/2015\/07\/Lageplan.jpg\"><img loading=\"lazy\" decoding=\"async\" class=\"aligncenter wp-image-593 size-large\" src=\"https:\/\/2016.nuremberg.wordcamp.org\/files\/2015\/07\/Lageplan-1024x640.jpg\" alt=\"Lageplan\" width=\"625\" height=\"391\" srcset=\"https:\/\/nuremberg.wordcamp.org\/2016\/files\/2015\/07\/Lageplan-1024x640.jpg 1024w, https:\/\/nuremberg.wordcamp.org\/2016\/files\/2015\/07\/Lageplan-300x188.jpg 300w, https:\/\/nuremberg.wordcamp.org\/2016\/files\/2015\/07\/Lageplan-768x480.jpg 768w, https:\/\/nuremberg.wordcamp.org\/2016\/files\/2015\/07\/Lageplan-480x300.jpg 480w, https:\/\/nuremberg.wordcamp.org\/2016\/files\/2015\/07\/Lageplan-624x390.jpg 624w, https:\/\/nuremberg.wordcamp.org\/2016\/files\/2015\/07\/Lageplan.jpg 1190w\" sizes=\"auto, (max-width: 625px) 100vw, 625px\" \/><\/a><\/p>\n<p>Hotels finden sich auf der Wegstrecke zwischen Hauptbahnhof und der Hochschule reichlich und in allen Preislagen. Vom einfachen Hostel bis zum Grand Hotel ist alles dabei. Das vermeintlich n\u00e4chstgelegene &#8211; das Mercure direkt neben an &#8211; ist leider derzeit geschlossen. Ob eine Neuer\u00f6ffnung bis zum WordCamp stattfindet ist derzeit noch nicht absehbar.<\/p>\n","protected":false},"excerpt":{"rendered":"<p>WordCamp N\u00fcrnberg 2016 Samstag 16. und Sonntag 17. April 2016 Technische Hochschule N\u00fcrnberg Georg-Simon-Ohm Bahnhofstrasse 87 \u00bbDie Ohm\u00ab wie sie in N\u00fcrnberg kurz genannt wird, verf\u00fcgt \u00fcber mehrere Standorte rund um die W\u00f6hrder Wiese. Wir haben mit der WiSo-Fakult\u00e4t in der Bahnhofstrasse einen der verkehrsg\u00fcnstigst gelegenen gefunden. Vom Bahnhof aus ist es ein ca. 15-min\u00fctiger [&hellip;]<\/p>\n","protected":false},"author":8858106,"featured_media":0,"parent":576,"menu_order":20,"comment_status":"closed","ping_status":"closed","template":"","meta":{"_crdt_document":"","jetpack_post_was_ever_published":false,"footnotes":""},"class_list":["post-11","page","type-page","status-publish","hentry"],"jetpack_sharing_enabled":true,"jetpack_shortlink":"https:\/\/wp.me\/P6uG2s-b","jetpack_likes_enabled":true,"_links":{"self":[{"href":"https:\/\/nuremberg.wordcamp.org\/2016\/wp-json\/wp\/v2\/pages\/11","targetHints":{"allow":["GET"]}}],"collection":[{"href":"https:\/\/nuremberg.wordcamp.org\/2016\/wp-json\/wp\/v2\/pages"}],"about":[{"href":"https:\/\/nuremberg.wordcamp.org\/2016\/wp-json\/wp\/v2\/types\/page"}],"author":[{"embeddable":true,"href":"https:\/\/nuremberg.wordcamp.org\/2016\/wp-json\/wp\/v2\/users\/8858106"}],"replies":[{"embeddable":true,"href":"https:\/\/nuremberg.wordcamp.org\/2016\/wp-json\/wp\/v2\/comments?post=11"}],"version-history":[{"count":7,"href":"https:\/\/nuremberg.wordcamp.org\/2016\/wp-json\/wp\/v2\/pages\/11\/revisions"}],"predecessor-version":[{"id":760,"href":"https:\/\/nuremberg.wordcamp.org\/2016\/wp-json\/wp\/v2\/pages\/11\/revisions\/760"}],"up":[{"embeddable":true,"href":"https:\/\/nuremberg.wordcamp.org\/2016\/wp-json\/wp\/v2\/pages\/576"}],"wp:attachment":[{"href":"https:\/\/nuremberg.wordcamp.org\/2016\/wp-json\/wp\/v2\/media?parent=11"}],"curies":[{"name":"wp","href":"https:\/\/api.w.org\/{rel}","templated":true}]}}